{"id":17,"date":"2014-10-11T12:25:40","date_gmt":"2014-10-11T10:25:40","guid":{"rendered":"http:\/\/panamahut.de\/wp\/?page_id=17"},"modified":"2016-04-25T22:01:21","modified_gmt":"2016-04-25T20:01:21","slug":"impressum","status":"publish","type":"page","link":"https:\/\/panamahut.de\/?page_id=17","title":{"rendered":"Impressum"},"content":{"rendered":"<div class=\"n\">\n<div class=\"n\">\n<p><strong>Impressum und rechtliche Hinweise:<\/strong><\/p>\n<p><strong>Verantwortlich<\/strong><br \/>\nVintimilla Fine Hats GmbH<br \/>\nVertretungsberechtigter Gesch\u00e4ftsf\u00fchrer: Thomas Hipp<b><br \/>\n<\/b>Gewerbering-Nord 9 a<br \/>\n97359 Schwarzach am Main<\/p>\n<p><strong> Tel:<\/strong> +49 (0) 9324 \/ 979 4440<br \/>\n<b>Fax: <\/b>+49 (0) 9324 \/ 979 4444<br \/>\n<b>E-Mail:<\/b> <a title=\"\" href=\"mailto:kontakt@panama-hat.com\" target=\"_blank\">kontakt@panama-hat.com<\/a><\/p>\n<p><strong>Registereintrag<\/strong><br \/>\nRegistergericht: Amtsgericht W\u00fcrzburg<br \/>\nRegisternummer: HRB 12152<\/p>\n<p><strong>Umsatzsteuer-Identifikationsnummer gem\u00e4\u00df \u00a7 27a Umsatzsteuergesetz<\/strong><br \/>\nDE8155471833<\/p>\n<p><strong>Haftungshinweis<\/strong><br \/>\nDas Landgericht Hamburg hat mit Urteil vom 12.05.1998 entschieden, dass man durch die Ausbringung eines Links die Inhalte der gelinkten Seite ggf. mit zu verantworten hat. Dies kann &#8211; so das LG &#8211; nur dadurch verhindert werden, dass man sich ausdr\u00fccklich von diesen Inhalten distanziert. Wir haben auf der Homepage Links zu anderen Seiten im Internet gelegt. F\u00fcr all diese Links gilt: &#8220; Wir m\u00f6chten ausdr\u00fccklich betonen, dass wir keinerlei Einfluss auf die Gestaltung und die Inhalte der gelinkten Seiten haben. Deshalb distanzieren wir uns hiermit ausdr\u00fccklich von allen Inhalten aller gelinkten Seiten auf unserer gesamten Website inkl. aller Unterseiten. Diese Erkl\u00e4rung gilt f\u00fcr alle auf unserer Homepage ausgebrachten Links und f\u00fcr alle Inhalte der Seiten, zu denen Links oder Banner f\u00fchren.<\/p>\n<p>Au\u00dferdem gilt:<br \/>\nDie Logos der jeweiligen Firmen sind eingetragene Markenzeichen und geh\u00f6ren der Firma.Preise und Lieferbarkeit:<br \/>\nDie Preise werden ausschlie\u00dflich an Fachh\u00e4ndler weiter gegeben. Die Farben sind Ann\u00e4hrungswerte und nicht verbindlich. F\u00fcr fehlerhafte Angaben keine Haftung.<\/p>\n<p><strong>Hinweis<\/strong><br \/>\nDie unter Links aufgef\u00fchrten Verlinkungen unterliegen nicht der Verantwortung von Vintimilla Fine Hats GmbH. Die dort enthaltenen Informationen sind der Vintimilla Fine Hats GmbH unbekannt. Die auf den gelinkten Seiten wiedergegebenen Inhalte liegen in der alleinigen Verantwortung des jeweiligen Autors. Verst\u00f6\u00dfe gegen geltendes Recht, welche uns bekannt werden, f\u00fchren zur sofortigen L\u00f6schung von Links, Eintr\u00e4gen, Grafiken oder \u00e4hnlichem.<\/p>\n<p><strong>Copyright-Hinweis<\/strong><br \/>\nVintimilla Fine Hats GmbH<br \/>\nAlle Texte, Grafiken und Bilder unterliegen dem Copyright. Vervielf\u00e4ltigungen (auch digital im Internet) bed\u00fcrfen der schriftlichen Genehmigung der Vintimilla Fine Hats GmbH.<\/p>\n<\/div>\n<\/div>\n","protected":false},"excerpt":{"rendered":"<p>Impressum und rechtliche Hinweise: Verantwortlich Vintimilla Fine Hats GmbH Vertretungsberechtigter Gesch\u00e4ftsf\u00fchrer: Thomas Hipp Gewerbering-Nord 9 a 97359 Schwarzach am Main Tel: +49 (0) 9324 \/ 979 4440 Fax: +49 (0) 9324 \/ 979 4444 E-Mail: kontakt@panama-hat.com Registereintrag Registergericht: Amtsgericht W\u00fcrzburg Registernummer: HRB 12152 Umsatzsteuer-Identifikationsnummer gem\u00e4\u00df \u00a7 27a Umsatzsteuergesetz DE8155471833 Haftungshinweis Das Landgericht Hamburg hat mit Urteil vom 12.05.1998 entschieden, dass man durch die Ausbringung eines Links die Inhalte der gelinkten Seite ggf. mit zu verantworten hat. Dies kann &#8211; so das LG &#8211; nur dadurch verhindert werden, dass man sich ausdr\u00fccklich von diesen Inhalten distanziert. Wir haben auf der Homepage Links zu anderen Seiten im Internet gelegt. F\u00fcr all diese Links gilt: &#8220; Wir m\u00f6chten ausdr\u00fccklich betonen, dass wir keinerlei Einfluss auf die Gestaltung und die Inhalte der gelinkten Seiten haben. Deshalb distanzieren wir uns hiermit ausdr\u00fccklich von allen Inhalten aller gelinkten Seiten auf unserer gesamten Website inkl. aller Unterseiten. Diese Erkl\u00e4rung gilt f\u00fcr alle auf unserer Homepage ausgebrachten Links und f\u00fcr alle Inhalte der Seiten, zu denen Links oder Banner f\u00fchren. Au\u00dferdem gilt: Die Logos der jeweiligen Firmen sind eingetragene Markenzeichen und geh\u00f6ren der Firma.Preise und Lieferbarkeit: Die Preise werden ausschlie\u00dflich an Fachh\u00e4ndler weiter gegeben. Die Farben sind Ann\u00e4hrungswerte und nicht verbindlich. F\u00fcr fehlerhafte Angaben keine Haftung. Hinweis Die unter Links aufgef\u00fchrten Verlinkungen unterliegen nicht der Verantwortung von Vintimilla Fine Hats GmbH. Die dort enthaltenen Informationen sind der Vintimilla Fine Hats GmbH unbekannt. Die auf den gelinkten Seiten wiedergegebenen Inhalte liegen in der alleinigen Verantwortung des jeweiligen Autors. Verst\u00f6\u00dfe gegen geltendes Recht, welche uns bekannt werden, f\u00fchren zur sofortigen L\u00f6schung von Links, Eintr\u00e4gen, Grafiken oder \u00e4hnlichem. Copyright-Hinweis Vintimilla Fine Hats GmbH Alle Texte, Grafiken und Bilder unterliegen dem Copyright. Vervielf\u00e4ltigungen (auch digital im Internet) bed\u00fcrfen der schriftlichen Genehmigung der Vintimilla Fine Hats GmbH.<\/p>\n","protected":false},"author":1,"featured_media":0,"parent":0,"menu_order":7,"comment_status":"closed","ping_status":"open","template":"page-fullwidth.php","meta":{"site-sidebar-layout":"default","site-content-layout":"","ast-site-content-layout":"","site-content-style":"default","site-sidebar-style":"default","ast-global-header-display":"","ast-banner-title-visibility":"","ast-main-header-display":"","ast-hfb-above-header-display":"","ast-hfb-below-header-display":"","ast-hfb-mobile-header-display":"","site-post-title":"","ast-breadcrumbs-content":"","ast-featured-img":"","footer-sml-layout":"","theme-transparent-header-meta":"","adv-header-id-meta":"","stick-header-meta":"","header-above-stick-meta":"","header-main-stick-meta":"","header-below-stick-meta":"","astra-migrate-meta-layouts":"default","ast-page-background-enabled":"default","ast-page-background-meta":{"desktop":{"background-color":"var(--ast-global-color-4)","background-image":"","background-repeat":"repeat","background-position":"center center","background-size":"auto","background-attachment":"scroll","background-type":"","background-media":"","overlay-type":"","overlay-color":"","overlay-opacity":"","overlay-gradient":""},"tablet":{"background-color":"","background-image":"","background-repeat":"repeat","background-position":"center center","background-size":"auto","background-attachment":"scroll","background-type":"","background-media":"","overlay-type":"","overlay-color":"","overlay-opacity":"","overlay-gradient":""},"mobile":{"background-color":"","background-image":"","background-repeat":"repeat","background-position":"center center","background-size":"auto","background-attachment":"scroll","background-type":"","background-media":"","overlay-type":"","overlay-color":"","overlay-opacity":"","overlay-gradient":""}},"ast-content-background-meta":{"desktop":{"background-color":"var(--ast-global-color-5)","background-image":"","background-repeat":"repeat","background-position":"center center","background-size":"auto","background-attachment":"scroll","background-type":"","background-media":"","overlay-type":"","overlay-color":"","overlay-opacity":"","overlay-gradient":""},"tablet":{"background-color":"var(--ast-global-color-5)","background-image":"","background-repeat":"repeat","background-position":"center center","background-size":"auto","background-attachment":"scroll","background-type":"","background-media":"","overlay-type":"","overlay-color":"","overlay-opacity":"","overlay-gradient":""},"mobile":{"background-color":"var(--ast-global-color-5)","background-image":"","background-repeat":"repeat","background-position":"center center","background-size":"auto","background-attachment":"scroll","background-type":"","background-media":"","overlay-type":"","overlay-color":"","overlay-opacity":"","overlay-gradient":""}},"ngg_post_thumbnail":0,"footnotes":""},"class_list":["post-17","page","type-page","status-publish","hentry"],"jetpack_sharing_enabled":true,"_links":{"self":[{"href":"https:\/\/panamahut.de\/index.php?rest_route=\/wp\/v2\/pages\/17","targetHints":{"allow":["GET"]}}],"collection":[{"href":"https:\/\/panamahut.de\/index.php?rest_route=\/wp\/v2\/pages"}],"about":[{"href":"https:\/\/panamahut.de\/index.php?rest_route=\/wp\/v2\/types\/page"}],"author":[{"embeddable":true,"href":"https:\/\/panamahut.de\/index.php?rest_route=\/wp\/v2\/users\/1"}],"replies":[{"embeddable":true,"href":"https:\/\/panamahut.de\/index.php?rest_route=%2Fwp%2Fv2%2Fcomments&post=17"}],"version-history":[{"count":0,"href":"https:\/\/panamahut.de\/index.php?rest_route=\/wp\/v2\/pages\/17\/revisions"}],"wp:attachment":[{"href":"https:\/\/panamahut.de\/index.php?rest_route=%2Fwp%2Fv2%2Fmedia&parent=17"}],"curies":[{"name":"wp","href":"https:\/\/api.w.org\/{rel}","templated":true}]}}