{"id":19,"date":"2014-10-11T12:26:16","date_gmt":"2014-10-11T10:26:16","guid":{"rendered":"http:\/\/panamahut.de\/wp\/?page_id=19"},"modified":"2014-11-13T20:07:22","modified_gmt":"2014-11-13T18:07:22","slug":"ecuador","status":"publish","type":"page","link":"https:\/\/panamahut.de\/?page_id=19","title":{"rendered":"Ecuador"},"content":{"rendered":"<p><strong>Handwerkskunst aus S\u00fcdamerika<\/strong><\/p>\n<p>Panamah\u00fcte sind etwas ganz besonderes und einzigartiges. Das wei\u00df und sch\u00e4tzt jeder, der einmal einen Panamahut besessen hat.<\/p>\n<p>Original Panamah\u00fcte werden aus den Halmen der Carludovica Palmata, oder auch Paja Toquilla genannt, von Hand geflochten. Daf\u00fcr werden die Palmbl\u00e4tter frisch geschnitten und anschlie\u00dfend in d\u00fcnne Fasern geteilt. Diese Fasern m\u00fcssen dann gekocht werden. Das macht sie geschmeidiger. Als n\u00e4chstes werden sie getrocknet. Seit Jahrhunderten fertigen einheimische Indio-Felchterinnen aus den Gebieten\u00a0Ca\u00f1ar und Azuay in Heimarbeit aus den feinen Fasern einzigartige Hutrohlingen. Je nach Flechterin werden f\u00fcr einen Rohling in Standardqualit\u00e4t 1 bis 2 Arbeitstage ben\u00f6tigt. Schlie\u00dflich werden die Hutrohlinge vorkontrolliert, dann grob und zuletzt im Seifenbad gereinigt und in der Sonne getrocknet.<\/p>\n<p>Bevor die Rohlinge zu uns nach Deutschland in die Endfertigung kommen werden die Fasern an den R\u00e4ndern geschnitten, die Rohlinge nochmals gereinigt und gegebenenfalls in entsprechende Formen gepresst. Auch ein angenehmes Hutinnenband wird oft hier schon angebracht.<\/p>\n<p>Unsere Lieferanten in Ecuador wurden ausschlie\u00dflich von uns pers\u00f6nlich ausgew\u00e4hlt, weil uns ihre Qualit\u00e4t \u00fcberzeugt und die Zusammenarbeit \u00fcber viele Jahre gewachsen und vertrauensvoll gefestigt ist.<\/p>\n<div id='gallery-1' class='gallery galleryid-19 gallery-columns-3 gallery-size-thumbnail'><figure class='gallery-item'>\n\t\t\t<div class='gallery-icon landscape'>\n\t\t\t\t<img decoding=\"async\" width=\"150\" height=\"150\" src=\"https:\/\/i0.wp.com\/panamahut.de\/wp-content\/uploads\/2014\/10\/palmen_wachsen_620.jpg?fit=150%2C150&amp;ssl=1\" class=\"attachment-thumbnail size-thumbnail\" alt=\"\" srcset=\"https:\/\/i0.wp.com\/panamahut.de\/wp-content\/uploads\/2014\/10\/palmen_wachsen_620.jpg?resize=100%2C100&amp;ssl=1 100w, https:\/\/i0.wp.com\/panamahut.de\/wp-content\/uploads\/2014\/10\/palmen_wachsen_620.jpg?resize=150%2C150&amp;ssl=1 150w, https:\/\/i0.wp.com\/panamahut.de\/wp-content\/uploads\/2014\/10\/palmen_wachsen_620.jpg?resize=71%2C71&amp;ssl=1 71w\" sizes=\"(max-width: 150px) 100vw, 150px\" \/>\n\t\t\t<\/div><\/figure><figure class='gallery-item'>\n\t\t\t<div class='gallery-icon landscape'>\n\t\t\t\t<img decoding=\"async\" width=\"150\" height=\"150\" src=\"https:\/\/i0.wp.com\/panamahut.de\/wp-content\/uploads\/2014\/10\/palmen_transport_620.jpg?fit=150%2C150&amp;ssl=1\" class=\"attachment-thumbnail size-thumbnail\" alt=\"\" srcset=\"https:\/\/i0.wp.com\/panamahut.de\/wp-content\/uploads\/2014\/10\/palmen_transport_620.jpg?resize=100%2C100&amp;ssl=1 100w, https:\/\/i0.wp.com\/panamahut.de\/wp-content\/uploads\/2014\/10\/palmen_transport_620.jpg?resize=150%2C150&amp;ssl=1 150w, https:\/\/i0.wp.com\/panamahut.de\/wp-content\/uploads\/2014\/10\/palmen_transport_620.jpg?resize=71%2C71&amp;ssl=1 71w\" sizes=\"(max-width: 150px) 100vw, 150px\" \/>\n\t\t\t<\/div><\/figure><figure class='gallery-item'>\n\t\t\t<div class='gallery-icon landscape'>\n\t\t\t\t<img decoding=\"async\" width=\"150\" height=\"150\" src=\"https:\/\/i0.wp.com\/panamahut.de\/wp-content\/uploads\/2014\/10\/teilen_palmenblaetter_620.jpg?fit=150%2C150&amp;ssl=1\" class=\"attachment-thumbnail size-thumbnail\" alt=\"\" srcset=\"https:\/\/i0.wp.com\/panamahut.de\/wp-content\/uploads\/2014\/10\/teilen_palmenblaetter_620.jpg?resize=100%2C100&amp;ssl=1 100w, https:\/\/i0.wp.com\/panamahut.de\/wp-content\/uploads\/2014\/10\/teilen_palmenblaetter_620.jpg?resize=150%2C150&amp;ssl=1 150w, https:\/\/i0.wp.com\/panamahut.de\/wp-content\/uploads\/2014\/10\/teilen_palmenblaetter_620.jpg?resize=71%2C71&amp;ssl=1 71w\" sizes=\"(max-width: 150px) 100vw, 150px\" \/>\n\t\t\t<\/div><\/figure><figure class='gallery-item'>\n\t\t\t<div class='gallery-icon landscape'>\n\t\t\t\t<img loading=\"lazy\" decoding=\"async\" width=\"150\" height=\"150\" src=\"https:\/\/i0.wp.com\/panamahut.de\/wp-content\/uploads\/2014\/10\/palmen_kochen_620.jpg?fit=150%2C150&amp;ssl=1\" class=\"attachment-thumbnail size-thumbnail\" alt=\"\" srcset=\"https:\/\/i0.wp.com\/panamahut.de\/wp-content\/uploads\/2014\/10\/palmen_kochen_620.jpg?resize=100%2C100&amp;ssl=1 100w, https:\/\/i0.wp.com\/panamahut.de\/wp-content\/uploads\/2014\/10\/palmen_kochen_620.jpg?resize=150%2C150&amp;ssl=1 150w, https:\/\/i0.wp.com\/panamahut.de\/wp-content\/uploads\/2014\/10\/palmen_kochen_620.jpg?resize=71%2C71&amp;ssl=1 71w\" sizes=\"(max-width: 150px) 100vw, 150px\" \/>\n\t\t\t<\/div><\/figure><figure class='gallery-item'>\n\t\t\t<div class='gallery-icon landscape'>\n\t\t\t\t<img loading=\"lazy\" decoding=\"async\" width=\"150\" height=\"150\" src=\"https:\/\/i0.wp.com\/panamahut.de\/wp-content\/uploads\/2014\/10\/palmen_trocknen_620.jpg?fit=150%2C150&amp;ssl=1\" class=\"attachment-thumbnail size-thumbnail\" alt=\"\" srcset=\"https:\/\/i0.wp.com\/panamahut.de\/wp-content\/uploads\/2014\/10\/palmen_trocknen_620.jpg?resize=100%2C100&amp;ssl=1 100w, https:\/\/i0.wp.com\/panamahut.de\/wp-content\/uploads\/2014\/10\/palmen_trocknen_620.jpg?resize=150%2C150&amp;ssl=1 150w, https:\/\/i0.wp.com\/panamahut.de\/wp-content\/uploads\/2014\/10\/palmen_trocknen_620.jpg?resize=71%2C71&amp;ssl=1 71w\" sizes=\"(max-width: 150px) 100vw, 150px\" \/>\n\t\t\t<\/div><\/figure><figure class='gallery-item'>\n\t\t\t<div class='gallery-icon landscape'>\n\t\t\t\t<img loading=\"lazy\" decoding=\"async\" width=\"150\" height=\"150\" src=\"https:\/\/i0.wp.com\/panamahut.de\/wp-content\/uploads\/2014\/10\/flechten_eines_hutrohlinges_620.jpg?fit=150%2C150&amp;ssl=1\" class=\"attachment-thumbnail size-thumbnail\" alt=\"\" srcset=\"https:\/\/i0.wp.com\/panamahut.de\/wp-content\/uploads\/2014\/10\/flechten_eines_hutrohlinges_620.jpg?resize=100%2C100&amp;ssl=1 100w, https:\/\/i0.wp.com\/panamahut.de\/wp-content\/uploads\/2014\/10\/flechten_eines_hutrohlinges_620.jpg?resize=150%2C150&amp;ssl=1 150w, https:\/\/i0.wp.com\/panamahut.de\/wp-content\/uploads\/2014\/10\/flechten_eines_hutrohlinges_620.jpg?resize=71%2C71&amp;ssl=1 71w\" sizes=\"(max-width: 150px) 100vw, 150px\" \/>\n\t\t\t<\/div><\/figure><figure class='gallery-item'>\n\t\t\t<div class='gallery-icon landscape'>\n\t\t\t\t<img loading=\"lazy\" decoding=\"async\" width=\"150\" height=\"150\" src=\"https:\/\/i0.wp.com\/panamahut.de\/wp-content\/uploads\/2014\/10\/vorkontrolle_grobreinigung_620.jpg?fit=150%2C150&amp;ssl=1\" class=\"attachment-thumbnail size-thumbnail\" alt=\"\" srcset=\"https:\/\/i0.wp.com\/panamahut.de\/wp-content\/uploads\/2014\/10\/vorkontrolle_grobreinigung_620.jpg?resize=100%2C100&amp;ssl=1 100w, https:\/\/i0.wp.com\/panamahut.de\/wp-content\/uploads\/2014\/10\/vorkontrolle_grobreinigung_620.jpg?resize=150%2C150&amp;ssl=1 150w, https:\/\/i0.wp.com\/panamahut.de\/wp-content\/uploads\/2014\/10\/vorkontrolle_grobreinigung_620.jpg?resize=71%2C71&amp;ssl=1 71w\" sizes=\"(max-width: 150px) 100vw, 150px\" \/>\n\t\t\t<\/div><\/figure><figure class='gallery-item'>\n\t\t\t<div class='gallery-icon landscape'>\n\t\t\t\t<img loading=\"lazy\" decoding=\"async\" width=\"150\" height=\"150\" src=\"https:\/\/i0.wp.com\/panamahut.de\/wp-content\/uploads\/2014\/10\/trocknung_sonne_620.jpg?fit=150%2C150&amp;ssl=1\" class=\"attachment-thumbnail size-thumbnail\" alt=\"\" srcset=\"https:\/\/i0.wp.com\/panamahut.de\/wp-content\/uploads\/2014\/10\/trocknung_sonne_620.jpg?resize=100%2C100&amp;ssl=1 100w, https:\/\/i0.wp.com\/panamahut.de\/wp-content\/uploads\/2014\/10\/trocknung_sonne_620.jpg?resize=150%2C150&amp;ssl=1 150w, https:\/\/i0.wp.com\/panamahut.de\/wp-content\/uploads\/2014\/10\/trocknung_sonne_620.jpg?resize=71%2C71&amp;ssl=1 71w\" sizes=\"(max-width: 150px) 100vw, 150px\" \/>\n\t\t\t<\/div><\/figure>\n\t\t<\/div>\n\n","protected":false},"excerpt":{"rendered":"<p>Handwerkskunst aus S\u00fcdamerika Panamah\u00fcte sind etwas ganz besonderes und einzigartiges. Das wei\u00df und sch\u00e4tzt jeder, der einmal einen Panamahut besessen hat. Original Panamah\u00fcte werden aus den Halmen der Carludovica Palmata, oder auch Paja Toquilla genannt, von Hand geflochten. Daf\u00fcr werden die Palmbl\u00e4tter frisch geschnitten und anschlie\u00dfend in d\u00fcnne Fasern geteilt. Diese Fasern m\u00fcssen dann gekocht werden. Das macht sie geschmeidiger. Als n\u00e4chstes werden sie getrocknet. Seit Jahrhunderten fertigen einheimische Indio-Felchterinnen aus den Gebieten\u00a0Ca\u00f1ar und Azuay in Heimarbeit aus den feinen Fasern einzigartige Hutrohlingen. Je nach Flechterin werden f\u00fcr einen Rohling in Standardqualit\u00e4t 1 bis 2 Arbeitstage ben\u00f6tigt. Schlie\u00dflich werden die Hutrohlinge vorkontrolliert, dann grob und zuletzt im Seifenbad gereinigt und in der Sonne getrocknet. Bevor die Rohlinge zu uns nach Deutschland in die Endfertigung kommen werden die Fasern an den R\u00e4ndern geschnitten, die Rohlinge nochmals gereinigt und gegebenenfalls in entsprechende Formen gepresst. Auch ein angenehmes Hutinnenband wird oft hier schon angebracht. Unsere Lieferanten in Ecuador wurden ausschlie\u00dflich von uns pers\u00f6nlich ausgew\u00e4hlt, weil uns ihre Qualit\u00e4t \u00fcberzeugt und die Zusammenarbeit \u00fcber viele Jahre gewachsen und vertrauensvoll gefestigt ist.<\/p>\n","protected":false},"author":1,"featured_media":0,"parent":7,"menu_order":0,"comment_status":"closed","ping_status":"open","template":"page-fullwidth.php","meta":{"site-sidebar-layout":"default","site-content-layout":"","ast-site-content-layout":"","site-content-style":"default","site-sidebar-style":"default","ast-global-header-display":"","ast-banner-title-visibility":"","ast-main-header-display":"","ast-hfb-above-header-display":"","ast-hfb-below-header-display":"","ast-hfb-mobile-header-display":"","site-post-title":"","ast-breadcrumbs-content":"","ast-featured-img":"","footer-sml-layout":"","theme-transparent-header-meta":"","adv-header-id-meta":"","stick-header-meta":"","header-above-stick-meta":"","header-main-stick-meta":"","header-below-stick-meta":"","astra-migrate-meta-layouts":"default","ast-page-background-enabled":"default","ast-page-background-meta":{"desktop":{"background-color":"var(--ast-global-color-4)","background-image":"","background-repeat":"repeat","background-position":"center center","background-size":"auto","background-attachment":"scroll","background-type":"","background-media":"","overlay-type":"","overlay-color":"","overlay-opacity":"","overlay-gradient":""},"tablet":{"background-color":"","background-image":"","background-repeat":"repeat","background-position":"center center","background-size":"auto","background-attachment":"scroll","background-type":"","background-media":"","overlay-type":"","overlay-color":"","overlay-opacity":"","overlay-gradient":""},"mobile":{"background-color":"","background-image":"","background-repeat":"repeat","background-position":"center center","background-size":"auto","background-attachment":"scroll","background-type":"","background-media":"","overlay-type":"","overlay-color":"","overlay-opacity":"","overlay-gradient":""}},"ast-content-background-meta":{"desktop":{"background-color":"var(--ast-global-color-5)","background-image":"","background-repeat":"repeat","background-position":"center center","background-size":"auto","background-attachment":"scroll","background-type":"","background-media":"","overlay-type":"","overlay-color":"","overlay-opacity":"","overlay-gradient":""},"tablet":{"background-color":"var(--ast-global-color-5)","background-image":"","background-repeat":"repeat","background-position":"center center","background-size":"auto","background-attachment":"scroll","background-type":"","background-media":"","overlay-type":"","overlay-color":"","overlay-opacity":"","overlay-gradient":""},"mobile":{"background-color":"var(--ast-global-color-5)","background-image":"","background-repeat":"repeat","background-position":"center center","background-size":"auto","background-attachment":"scroll","background-type":"","background-media":"","overlay-type":"","overlay-color":"","overlay-opacity":"","overlay-gradient":""}},"ngg_post_thumbnail":0,"footnotes":""},"class_list":["post-19","page","type-page","status-publish","hentry"],"jetpack_sharing_enabled":true,"_links":{"self":[{"href":"https:\/\/panamahut.de\/index.php?rest_route=\/wp\/v2\/pages\/19","targetHints":{"allow":["GET"]}}],"collection":[{"href":"https:\/\/panamahut.de\/index.php?rest_route=\/wp\/v2\/pages"}],"about":[{"href":"https:\/\/panamahut.de\/index.php?rest_route=\/wp\/v2\/types\/page"}],"author":[{"embeddable":true,"href":"https:\/\/panamahut.de\/index.php?rest_route=\/wp\/v2\/users\/1"}],"replies":[{"embeddable":true,"href":"https:\/\/panamahut.de\/index.php?rest_route=%2Fwp%2Fv2%2Fcomments&post=19"}],"version-history":[{"count":0,"href":"https:\/\/panamahut.de\/index.php?rest_route=\/wp\/v2\/pages\/19\/revisions"}],"up":[{"embeddable":true,"href":"https:\/\/panamahut.de\/index.php?rest_route=\/wp\/v2\/pages\/7"}],"wp:attachment":[{"href":"https:\/\/panamahut.de\/index.php?rest_route=%2Fwp%2Fv2%2Fmedia&parent=19"}],"curies":[{"name":"wp","href":"https:\/\/api.w.org\/{rel}","templated":true}]}}