{"id":21,"date":"2014-10-11T12:27:27","date_gmt":"2014-10-11T10:27:27","guid":{"rendered":"http:\/\/panamahut.de\/wp\/?page_id=21"},"modified":"2022-10-12T21:38:02","modified_gmt":"2022-10-12T19:38:02","slug":"kitzingen","status":"publish","type":"page","link":"https:\/\/panamahut.de\/?page_id=21","title":{"rendered":"Schwarzach am Main"},"content":{"rendered":"<p><strong>Qualit\u00e4tsarbeit und Fertigstellung in Schwarzach<\/strong><\/p>\n<p><a href=\"https:\/\/i0.wp.com\/panamahut.de\/wp-content\/uploads\/2014\/10\/dsc_4513_lbb1.jpg\"><img data-recalc-dims=\"1\" fetchpriority=\"high\" decoding=\"async\" class=\"aligncenter  wp-image-176\" src=\"https:\/\/i0.wp.com\/panamahut.de\/wp-content\/uploads\/2014\/10\/dsc_4513_lbb1.jpg?resize=516%2C387\" alt=\"dsc_4513_lbb\" width=\"516\" height=\"387\" srcset=\"https:\/\/i0.wp.com\/panamahut.de\/wp-content\/uploads\/2014\/10\/dsc_4513_lbb1.jpg?w=733&amp;ssl=1 733w, https:\/\/i0.wp.com\/panamahut.de\/wp-content\/uploads\/2014\/10\/dsc_4513_lbb1.jpg?resize=416%2C312&amp;ssl=1 416w, https:\/\/i0.wp.com\/panamahut.de\/wp-content\/uploads\/2014\/10\/dsc_4513_lbb1.jpg?resize=300%2C225&amp;ssl=1 300w\" sizes=\"(max-width: 516px) 100vw, 516px\" \/><\/a><\/p>\n<p>Die Panamah\u00fcte treffen als Rohlinge oder auch vorgeformt bei uns ein. Je nachdem liegt unser Aufgabenbereich in der kompletten Hutfertigung von Rohlingen oder der Endverarbeitung von bereits vorgeformten H\u00fcten. Wir sorgen f\u00fcr den Vintimilla-typischen und von unseren Kunden gesch\u00e4tzten Feinschliff.<br \/>\nDazu geh\u00f6ren:<\/p>\n<p>* Qualit\u00e4tskontrolle<br \/>\n* ggf. Pressen und Formen<br \/>\n* speziellen Bruchschutz in der Krone anbringen<br \/>\n* Labeling<br \/>\n* Hutinnen- und Au\u00dfenb\u00e4nder aufn\u00e4hen<\/p>\n<p>Unsere gro\u00dfe Auswahl an verschiedenen Au\u00dfenb\u00e4ndern und Hutformen macht uns besonders flexibel.<\/p>\n<p>Wenn es die Zeit zul\u00e4sst, entwerfen wir auch gerne einige Filzhutmodelle. Aktuell gibt es aber leider keine fertige Kollektion.<\/p>\n","protected":false},"excerpt":{"rendered":"<p>Qualit\u00e4tsarbeit und Fertigstellung in Schwarzach Die Panamah\u00fcte treffen als Rohlinge oder auch vorgeformt bei uns ein. Je nachdem liegt unser Aufgabenbereich in der kompletten Hutfertigung von Rohlingen oder der Endverarbeitung von bereits vorgeformten H\u00fcten. Wir sorgen f\u00fcr den Vintimilla-typischen und von unseren Kunden gesch\u00e4tzten Feinschliff. Dazu geh\u00f6ren: * Qualit\u00e4tskontrolle * ggf. Pressen und Formen * speziellen Bruchschutz in der Krone anbringen * Labeling * Hutinnen- und Au\u00dfenb\u00e4nder aufn\u00e4hen Unsere gro\u00dfe Auswahl an verschiedenen Au\u00dfenb\u00e4ndern und Hutformen macht uns besonders flexibel. Wenn es die Zeit zul\u00e4sst, entwerfen wir auch gerne einige Filzhutmodelle. Aktuell gibt es aber leider keine fertige Kollektion.<\/p>\n","protected":false},"author":1,"featured_media":0,"parent":7,"menu_order":0,"comment_status":"closed","ping_status":"open","template":"page-fullwidth.php","meta":{"site-sidebar-layout":"default","site-content-layout":"","ast-site-content-layout":"","site-content-style":"default","site-sidebar-style":"default","ast-global-header-display":"","ast-banner-title-visibility":"","ast-main-header-display":"","ast-hfb-above-header-display":"","ast-hfb-below-header-display":"","ast-hfb-mobile-header-display":"","site-post-title":"","ast-breadcrumbs-content":"","ast-featured-img":"","footer-sml-layout":"","theme-transparent-header-meta":"","adv-header-id-meta":"","stick-header-meta":"","header-above-stick-meta":"","header-main-stick-meta":"","header-below-stick-meta":"","astra-migrate-meta-layouts":"default","ast-page-background-enabled":"default","ast-page-background-meta":{"desktop":{"background-color":"var(--ast-global-color-4)","background-image":"","background-repeat":"repeat","background-position":"center center","background-size":"auto","background-attachment":"scroll","background-type":"","background-media":"","overlay-type":"","overlay-color":"","overlay-opacity":"","overlay-gradient":""},"tablet":{"background-color":"","background-image":"","background-repeat":"repeat","background-position":"center center","background-size":"auto","background-attachment":"scroll","background-type":"","background-media":"","overlay-type":"","overlay-color":"","overlay-opacity":"","overlay-gradient":""},"mobile":{"background-color":"","background-image":"","background-repeat":"repeat","background-position":"center center","background-size":"auto","background-attachment":"scroll","background-type":"","background-media":"","overlay-type":"","overlay-color":"","overlay-opacity":"","overlay-gradient":""}},"ast-content-background-meta":{"desktop":{"background-color":"var(--ast-global-color-5)","background-image":"","background-repeat":"repeat","background-position":"center center","background-size":"auto","background-attachment":"scroll","background-type":"","background-media":"","overlay-type":"","overlay-color":"","overlay-opacity":"","overlay-gradient":""},"tablet":{"background-color":"var(--ast-global-color-5)","background-image":"","background-repeat":"repeat","background-position":"center center","background-size":"auto","background-attachment":"scroll","background-type":"","background-media":"","overlay-type":"","overlay-color":"","overlay-opacity":"","overlay-gradient":""},"mobile":{"background-color":"var(--ast-global-color-5)","background-image":"","background-repeat":"repeat","background-position":"center center","background-size":"auto","background-attachment":"scroll","background-type":"","background-media":"","overlay-type":"","overlay-color":"","overlay-opacity":"","overlay-gradient":""}},"ngg_post_thumbnail":0,"footnotes":""},"class_list":["post-21","page","type-page","status-publish","hentry"],"jetpack_sharing_enabled":true,"_links":{"self":[{"href":"https:\/\/panamahut.de\/index.php?rest_route=\/wp\/v2\/pages\/21","targetHints":{"allow":["GET"]}}],"collection":[{"href":"https:\/\/panamahut.de\/index.php?rest_route=\/wp\/v2\/pages"}],"about":[{"href":"https:\/\/panamahut.de\/index.php?rest_route=\/wp\/v2\/types\/page"}],"author":[{"embeddable":true,"href":"https:\/\/panamahut.de\/index.php?rest_route=\/wp\/v2\/users\/1"}],"replies":[{"embeddable":true,"href":"https:\/\/panamahut.de\/index.php?rest_route=%2Fwp%2Fv2%2Fcomments&post=21"}],"version-history":[{"count":1,"href":"https:\/\/panamahut.de\/index.php?rest_route=\/wp\/v2\/pages\/21\/revisions"}],"predecessor-version":[{"id":810,"href":"https:\/\/panamahut.de\/index.php?rest_route=\/wp\/v2\/pages\/21\/revisions\/810"}],"up":[{"embeddable":true,"href":"https:\/\/panamahut.de\/index.php?rest_route=\/wp\/v2\/pages\/7"}],"wp:attachment":[{"href":"https:\/\/panamahut.de\/index.php?rest_route=%2Fwp%2Fv2%2Fmedia&parent=21"}],"curies":[{"name":"wp","href":"https:\/\/api.w.org\/{rel}","templated":true}]}}